{"id":1322,"date":"2022-02-24T05:02:56","date_gmt":"2022-02-24T05:02:56","guid":{"rendered":"https:\/\/4terada.com\/index.php\/home\/"},"modified":"2023-12-02T14:41:34","modified_gmt":"2023-12-02T14:41:34","slug":"home","status":"publish","type":"page","link":"https:\/\/4terada.com\/","title":{"rendered":"Home"},"content":{"rendered":"\n<div class=\"wp-block-uagb-container uagb-block-494c42c4 alignfull uagb-is-root-container\"><div class=\"uagb-container-inner-blocks-wrap\">\n<div class=\"wp-block-columns is-layout-flex wp-container-core-columns-is-layout-28f84493 wp-block-columns-is-layout-flex\">\n<div class=\"wp-block-column is-layout-flow wp-block-column-is-layout-flow\" style=\"flex-basis:100%\">\n<figure class=\"wp-block-image aligncenter size-full is-resized uag-hide-desktop uag-hide-tab\"><img loading=\"lazy\" decoding=\"async\" width=\"749\" height=\"176\" src=\"https:\/\/4terada.com\/wp-content\/uploads\/2023\/12\/logo_vectorial.png\" alt=\"\" class=\"wp-image-1893\" style=\"width:200px\" srcset=\"https:\/\/4terada.com\/wp-content\/uploads\/2023\/12\/logo_vectorial.png 749w, https:\/\/4terada.com\/wp-content\/uploads\/2023\/12\/logo_vectorial-300x70.png 300w, https:\/\/4terada.com\/wp-content\/uploads\/2023\/12\/logo_vectorial-120x28.png 120w\" sizes=\"auto, (max-width: 749px) 100vw, 749px\" \/><\/figure>\n\n\n\n<figure class=\"wp-block-image aligncenter size-full is-resized uag-hide-mob\"><img loading=\"lazy\" decoding=\"async\" width=\"749\" height=\"176\" src=\"https:\/\/4terada.com\/wp-content\/uploads\/2023\/12\/logo_vectorial.png\" alt=\"\" class=\"wp-image-1893\" style=\"width:400px\" srcset=\"https:\/\/4terada.com\/wp-content\/uploads\/2023\/12\/logo_vectorial.png 749w, https:\/\/4terada.com\/wp-content\/uploads\/2023\/12\/logo_vectorial-300x70.png 300w, https:\/\/4terada.com\/wp-content\/uploads\/2023\/12\/logo_vectorial-120x28.png 120w\" sizes=\"auto, (max-width: 749px) 100vw, 749px\" \/><\/figure>\n<\/div>\n<\/div>\n\n\n\n<div class=\"wp-block-uagb-advanced-heading uagb-block-b6b60c01\"><h4 class=\"uagb-heading-text\"><br>El software que necesitas <br>para la gesti\u00f3n de tus cultivos<\/h4><div class=\"uagb-separator\"><\/div><\/div>\n<\/div><\/div>\n\n\n\n<div class=\"wp-block-uagb-container uagb-block-5fcee4f8 alignfull uagb-is-root-container\"><div class=\"uagb-container-inner-blocks-wrap\">\n<div class=\"wp-block-uagb-advanced-heading uagb-block-2b5f3149\"><h2 class=\"uagb-heading-text\">Gesti\u00f3n sin l\u00edmites<\/h2><div class=\"uagb-separator\"><\/div><\/div>\n\n\n\n<div class=\"wp-block-uagb-container uagb-block-ed2081ea\">\n<div class=\"wp-block-uagb-container uagb-block-4eeee70a\">\n<div class=\"wp-block-uagb-info-box uagb-block-56d081d1 uagb-infobox__content-wrap  uagb-infobox-icon-above-title uagb-infobox-image-valign-top\"><div class=\"uagb-ifb-content\"><div class=\"uagb-ifb-image-content\"><img decoding=\"async\" src=\"https:\/\/4terada.com\/wp-content\/uploads\/2023\/12\/tareas-150x150.jpg\" alt=\"\" width=\"150\" height=\"150\" loading=\"lazy\"\/><\/div><div class=\"uagb-ifb-title-wrap\"><h3 class=\"uagb-ifb-title\"><br>Partes <br>de trabajo<\/h3><\/div><\/div><\/div>\n<\/div>\n\n\n\n<div class=\"wp-block-uagb-container uagb-block-de9dc289\">\n<div class=\"wp-block-uagb-info-box uagb-block-b483e0d5 uagb-infobox__content-wrap  uagb-infobox-icon-above-title uagb-infobox-image-valign-top\"><div class=\"uagb-ifb-content\"><div class=\"uagb-ifb-image-content\"><img decoding=\"async\" src=\"https:\/\/4terada.com\/wp-content\/uploads\/2023\/12\/cuaderno.jpg\" alt=\"\" width=\"181\" height=\"181\" loading=\"lazy\"\/><\/div><div class=\"uagb-ifb-title-wrap\"><h3 class=\"uagb-ifb-title\">Cuaderno <br>de campo<\/h3><\/div><\/div><\/div>\n<\/div>\n\n\n\n<div class=\"wp-block-uagb-container uagb-block-6edb74a0\">\n<div class=\"wp-block-uagb-info-box uagb-block-09a88236 uagb-infobox__content-wrap  uagb-infobox-icon-above-title uagb-infobox-image-valign-top\"><div class=\"uagb-ifb-content\"><div class=\"uagb-ifb-image-content\"><img decoding=\"async\" src=\"https:\/\/4terada.com\/wp-content\/uploads\/2023\/12\/cultivos.jpg\" alt=\"\" width=\"181\" height=\"181\" loading=\"lazy\"\/><\/div><div class=\"uagb-ifb-title-wrap\"><h3 class=\"uagb-ifb-title\">Informes <br>de gesti\u00f3n<\/h3><\/div><\/div><\/div>\n<\/div>\n<\/div>\n<\/div><\/div>\n\n\n\n<div class=\"wp-block-uagb-container uagb-block-fb32e4bf alignwide uagb-is-root-container\">\t\t\t\t\t<div\n\t\t\t\t\t\tclass=\"wp-block-uagb-image-gallery uagb-block-37a6c9db     \"\n\t\t\t\t\t\tstyle=\"\"\n\t\t\t\t\t>\n\t\t\t\t\t\t\t\t\t\t\t<div class=\"spectra-image-gallery spectra-image-gallery__layout--grid spectra-image-gallery__layout--grid-col-4 spectra-image-gallery__layout--grid-col-tab-4 spectra-image-gallery__layout--grid-col-mob-4\">\n\t\t\t\t\t\t\t\t\t\t\t<div class='spectra-image-gallery__media-wrapper' data-spectra-gallery-image-id='1842'>\n\t\t\t\t\t\t\t<div class=\"spectra-image-gallery__media spectra-image-gallery__media--grid\">\n\t\t\t\t<picture>\n\t\t\t\t\t<source media=\"(min-width: 1024px)\" srcset=\"https:\/\/4terada.com\/wp-content\/uploads\/2023\/12\/Imatge-de-WhatsApp-2023-12-02-a-les-11.03.55_ea842a50.jpg\">\n\t\t\t\t\t<source media=\"(min-width: 768px)\" srcset=\"https:\/\/4terada.com\/wp-content\/uploads\/2023\/12\/Imatge-de-WhatsApp-2023-12-02-a-les-11.03.55_ea842a50.jpg\">\n\t\t\t\t\t<img decoding=\"async\" class=\"spectra-image-gallery__media-thumbnail spectra-image-gallery__media-thumbnail--grid\" src=\"https:\/\/4terada.com\/wp-content\/uploads\/2023\/12\/Imatge-de-WhatsApp-2023-12-02-a-les-11.03.55_ea842a50-225x300.jpg\" alt=\"\" loading=\"lazy\" \/>\n\t\t\t\t<\/picture>\n\t\t\t\t<div class=\"spectra-image-gallery__media-thumbnail-blurrer\"><\/div>\n\t\t\t\t\t\t\t\t\t\t\t<div class=\"spectra-image-gallery__media-thumbnail-caption-wrapper spectra-image-gallery__media-thumbnail-caption-wrapper--overlay\"><\/div>\n\t\t\t\t\t\t\t\t<\/div>\n\t\t\t\t\t\t<\/div>\n\t\t\t\t\t\t<div class='spectra-image-gallery__media-wrapper' data-spectra-gallery-image-id='1841'>\n\t\t\t\t\t\t\t<div class=\"spectra-image-gallery__media spectra-image-gallery__media--grid\">\n\t\t\t\t<picture>\n\t\t\t\t\t<source media=\"(min-width: 1024px)\" srcset=\"https:\/\/4terada.com\/wp-content\/uploads\/2023\/12\/Imatge-de-WhatsApp-2023-12-02-a-les-11.03.55_a44b2fdd-rotated.jpg\">\n\t\t\t\t\t<source media=\"(min-width: 768px)\" srcset=\"https:\/\/4terada.com\/wp-content\/uploads\/2023\/12\/Imatge-de-WhatsApp-2023-12-02-a-les-11.03.55_a44b2fdd-rotated.jpg\">\n\t\t\t\t\t<img decoding=\"async\" class=\"spectra-image-gallery__media-thumbnail spectra-image-gallery__media-thumbnail--grid\" src=\"https:\/\/4terada.com\/wp-content\/uploads\/2023\/12\/Imatge-de-WhatsApp-2023-12-02-a-les-11.03.55_a44b2fdd-300x225.jpg\" alt=\"\" loading=\"lazy\" \/>\n\t\t\t\t<\/picture>\n\t\t\t\t<div class=\"spectra-image-gallery__media-thumbnail-blurrer\"><\/div>\n\t\t\t\t\t\t\t\t\t\t\t<div class=\"spectra-image-gallery__media-thumbnail-caption-wrapper spectra-image-gallery__media-thumbnail-caption-wrapper--overlay\"><\/div>\n\t\t\t\t\t\t\t\t<\/div>\n\t\t\t\t\t\t<\/div>\n\t\t\t\t\t\t<div class='spectra-image-gallery__media-wrapper' data-spectra-gallery-image-id='1840'>\n\t\t\t\t\t\t\t<div class=\"spectra-image-gallery__media spectra-image-gallery__media--grid\">\n\t\t\t\t<picture>\n\t\t\t\t\t<source media=\"(min-width: 1024px)\" srcset=\"https:\/\/4terada.com\/wp-content\/uploads\/2023\/12\/Imatge-de-WhatsApp-2023-12-02-a-les-11.03.55_9f0bc41e.jpg\">\n\t\t\t\t\t<source media=\"(min-width: 768px)\" srcset=\"https:\/\/4terada.com\/wp-content\/uploads\/2023\/12\/Imatge-de-WhatsApp-2023-12-02-a-les-11.03.55_9f0bc41e.jpg\">\n\t\t\t\t\t<img decoding=\"async\" class=\"spectra-image-gallery__media-thumbnail spectra-image-gallery__media-thumbnail--grid\" src=\"https:\/\/4terada.com\/wp-content\/uploads\/2023\/12\/Imatge-de-WhatsApp-2023-12-02-a-les-11.03.55_9f0bc41e-300x225.jpg\" alt=\"\" loading=\"lazy\" \/>\n\t\t\t\t<\/picture>\n\t\t\t\t<div class=\"spectra-image-gallery__media-thumbnail-blurrer\"><\/div>\n\t\t\t\t\t\t\t\t\t\t\t<div class=\"spectra-image-gallery__media-thumbnail-caption-wrapper spectra-image-gallery__media-thumbnail-caption-wrapper--overlay\"><\/div>\n\t\t\t\t\t\t\t\t<\/div>\n\t\t\t\t\t\t<\/div>\n\t\t\t\t\t\t<div class='spectra-image-gallery__media-wrapper' data-spectra-gallery-image-id='1839'>\n\t\t\t\t\t\t\t<div class=\"spectra-image-gallery__media spectra-image-gallery__media--grid\">\n\t\t\t\t<picture>\n\t\t\t\t\t<source media=\"(min-width: 1024px)\" srcset=\"https:\/\/4terada.com\/wp-content\/uploads\/2023\/12\/Imatge-de-WhatsApp-2023-12-02-a-les-11.03.54_d7b104d6.jpg\">\n\t\t\t\t\t<source media=\"(min-width: 768px)\" srcset=\"https:\/\/4terada.com\/wp-content\/uploads\/2023\/12\/Imatge-de-WhatsApp-2023-12-02-a-les-11.03.54_d7b104d6.jpg\">\n\t\t\t\t\t<img decoding=\"async\" class=\"spectra-image-gallery__media-thumbnail spectra-image-gallery__media-thumbnail--grid\" src=\"https:\/\/4terada.com\/wp-content\/uploads\/2023\/12\/Imatge-de-WhatsApp-2023-12-02-a-les-11.03.54_d7b104d6-300x225.jpg\" alt=\"\" loading=\"lazy\" \/>\n\t\t\t\t<\/picture>\n\t\t\t\t<div class=\"spectra-image-gallery__media-thumbnail-blurrer\"><\/div>\n\t\t\t\t\t\t\t\t\t\t\t<div class=\"spectra-image-gallery__media-thumbnail-caption-wrapper spectra-image-gallery__media-thumbnail-caption-wrapper--overlay\"><\/div>\n\t\t\t\t\t\t\t\t<\/div>\n\t\t\t\t\t\t<\/div>\n\t\t\t\t\t\t<div class='spectra-image-gallery__media-wrapper' data-spectra-gallery-image-id='1838'>\n\t\t\t\t\t\t\t<div class=\"spectra-image-gallery__media spectra-image-gallery__media--grid\">\n\t\t\t\t<picture>\n\t\t\t\t\t<source media=\"(min-width: 1024px)\" srcset=\"https:\/\/4terada.com\/wp-content\/uploads\/2023\/12\/Imatge-de-WhatsApp-2023-12-02-a-les-11.03.54_9e83d2eb.jpg\">\n\t\t\t\t\t<source media=\"(min-width: 768px)\" srcset=\"https:\/\/4terada.com\/wp-content\/uploads\/2023\/12\/Imatge-de-WhatsApp-2023-12-02-a-les-11.03.54_9e83d2eb.jpg\">\n\t\t\t\t\t<img decoding=\"async\" class=\"spectra-image-gallery__media-thumbnail spectra-image-gallery__media-thumbnail--grid\" src=\"https:\/\/4terada.com\/wp-content\/uploads\/2023\/12\/Imatge-de-WhatsApp-2023-12-02-a-les-11.03.54_9e83d2eb-225x300.jpg\" alt=\"\" loading=\"lazy\" \/>\n\t\t\t\t<\/picture>\n\t\t\t\t<div class=\"spectra-image-gallery__media-thumbnail-blurrer\"><\/div>\n\t\t\t\t\t\t\t\t\t\t\t<div class=\"spectra-image-gallery__media-thumbnail-caption-wrapper spectra-image-gallery__media-thumbnail-caption-wrapper--overlay\"><\/div>\n\t\t\t\t\t\t\t\t<\/div>\n\t\t\t\t\t\t<\/div>\n\t\t\t\t\t\t<div class='spectra-image-gallery__media-wrapper' data-spectra-gallery-image-id='1837'>\n\t\t\t\t\t\t\t<div class=\"spectra-image-gallery__media spectra-image-gallery__media--grid\">\n\t\t\t\t<picture>\n\t\t\t\t\t<source media=\"(min-width: 1024px)\" srcset=\"https:\/\/4terada.com\/wp-content\/uploads\/2023\/12\/Imatge-de-WhatsApp-2023-12-02-a-les-11.03.54_6deb26c0.jpg\">\n\t\t\t\t\t<source media=\"(min-width: 768px)\" srcset=\"https:\/\/4terada.com\/wp-content\/uploads\/2023\/12\/Imatge-de-WhatsApp-2023-12-02-a-les-11.03.54_6deb26c0.jpg\">\n\t\t\t\t\t<img decoding=\"async\" class=\"spectra-image-gallery__media-thumbnail spectra-image-gallery__media-thumbnail--grid\" src=\"https:\/\/4terada.com\/wp-content\/uploads\/2023\/12\/Imatge-de-WhatsApp-2023-12-02-a-les-11.03.54_6deb26c0-225x300.jpg\" alt=\"\" loading=\"lazy\" \/>\n\t\t\t\t<\/picture>\n\t\t\t\t<div class=\"spectra-image-gallery__media-thumbnail-blurrer\"><\/div>\n\t\t\t\t\t\t\t\t\t\t\t<div class=\"spectra-image-gallery__media-thumbnail-caption-wrapper spectra-image-gallery__media-thumbnail-caption-wrapper--overlay\"><\/div>\n\t\t\t\t\t\t\t\t<\/div>\n\t\t\t\t\t\t<\/div>\n\t\t\t\t\t\t<div class='spectra-image-gallery__media-wrapper' data-spectra-gallery-image-id='1836'>\n\t\t\t\t\t\t\t<div class=\"spectra-image-gallery__media spectra-image-gallery__media--grid\">\n\t\t\t\t<picture>\n\t\t\t\t\t<source media=\"(min-width: 1024px)\" srcset=\"https:\/\/4terada.com\/wp-content\/uploads\/2023\/12\/Imatge-de-WhatsApp-2023-12-02-a-les-11.03.54_0e2f31af.jpg\">\n\t\t\t\t\t<source media=\"(min-width: 768px)\" srcset=\"https:\/\/4terada.com\/wp-content\/uploads\/2023\/12\/Imatge-de-WhatsApp-2023-12-02-a-les-11.03.54_0e2f31af.jpg\">\n\t\t\t\t\t<img decoding=\"async\" class=\"spectra-image-gallery__media-thumbnail spectra-image-gallery__media-thumbnail--grid\" src=\"https:\/\/4terada.com\/wp-content\/uploads\/2023\/12\/Imatge-de-WhatsApp-2023-12-02-a-les-11.03.54_0e2f31af-300x225.jpg\" alt=\"\" loading=\"lazy\" \/>\n\t\t\t\t<\/picture>\n\t\t\t\t<div class=\"spectra-image-gallery__media-thumbnail-blurrer\"><\/div>\n\t\t\t\t\t\t\t\t\t\t\t<div class=\"spectra-image-gallery__media-thumbnail-caption-wrapper spectra-image-gallery__media-thumbnail-caption-wrapper--overlay\"><\/div>\n\t\t\t\t\t\t\t\t<\/div>\n\t\t\t\t\t\t<\/div>\n\t\t\t\t\t\t<div class='spectra-image-gallery__media-wrapper' data-spectra-gallery-image-id='1835'>\n\t\t\t\t\t\t\t<div class=\"spectra-image-gallery__media spectra-image-gallery__media--grid\">\n\t\t\t\t<picture>\n\t\t\t\t\t<source media=\"(min-width: 1024px)\" srcset=\"https:\/\/4terada.com\/wp-content\/uploads\/2023\/12\/Imatge-de-WhatsApp-2023-12-02-a-les-11.02.14_b53a9148.jpg\">\n\t\t\t\t\t<source media=\"(min-width: 768px)\" srcset=\"https:\/\/4terada.com\/wp-content\/uploads\/2023\/12\/Imatge-de-WhatsApp-2023-12-02-a-les-11.02.14_b53a9148.jpg\">\n\t\t\t\t\t<img decoding=\"async\" class=\"spectra-image-gallery__media-thumbnail spectra-image-gallery__media-thumbnail--grid\" src=\"https:\/\/4terada.com\/wp-content\/uploads\/2023\/12\/Imatge-de-WhatsApp-2023-12-02-a-les-11.02.14_b53a9148-300x225.jpg\" alt=\"\" loading=\"lazy\" \/>\n\t\t\t\t<\/picture>\n\t\t\t\t<div class=\"spectra-image-gallery__media-thumbnail-blurrer\"><\/div>\n\t\t\t\t\t\t\t\t\t\t\t<div class=\"spectra-image-gallery__media-thumbnail-caption-wrapper spectra-image-gallery__media-thumbnail-caption-wrapper--overlay\"><\/div>\n\t\t\t\t\t\t\t\t<\/div>\n\t\t\t\t\t\t<\/div>\n\t\t\t\t\t\t<div class='spectra-image-gallery__media-wrapper' data-spectra-gallery-image-id='1834'>\n\t\t\t\t\t\t\t<div class=\"spectra-image-gallery__media spectra-image-gallery__media--grid\">\n\t\t\t\t<picture>\n\t\t\t\t\t<source media=\"(min-width: 1024px)\" srcset=\"https:\/\/4terada.com\/wp-content\/uploads\/2023\/12\/Imatge-de-WhatsApp-2023-12-02-a-les-11.02.14_652ec1f3.jpg\">\n\t\t\t\t\t<source media=\"(min-width: 768px)\" srcset=\"https:\/\/4terada.com\/wp-content\/uploads\/2023\/12\/Imatge-de-WhatsApp-2023-12-02-a-les-11.02.14_652ec1f3.jpg\">\n\t\t\t\t\t<img decoding=\"async\" class=\"spectra-image-gallery__media-thumbnail spectra-image-gallery__media-thumbnail--grid\" src=\"https:\/\/4terada.com\/wp-content\/uploads\/2023\/12\/Imatge-de-WhatsApp-2023-12-02-a-les-11.02.14_652ec1f3-225x300.jpg\" alt=\"\" loading=\"lazy\" \/>\n\t\t\t\t<\/picture>\n\t\t\t\t<div class=\"spectra-image-gallery__media-thumbnail-blurrer\"><\/div>\n\t\t\t\t\t\t\t\t\t\t\t<div class=\"spectra-image-gallery__media-thumbnail-caption-wrapper spectra-image-gallery__media-thumbnail-caption-wrapper--overlay\"><\/div>\n\t\t\t\t\t\t\t\t<\/div>\n\t\t\t\t\t\t<\/div>\n\t\t\t\t\t\t<div class='spectra-image-gallery__media-wrapper' data-spectra-gallery-image-id='1833'>\n\t\t\t\t\t\t\t<div class=\"spectra-image-gallery__media spectra-image-gallery__media--grid\">\n\t\t\t\t<picture>\n\t\t\t\t\t<source media=\"(min-width: 1024px)\" srcset=\"https:\/\/4terada.com\/wp-content\/uploads\/2023\/12\/Imatge-de-WhatsApp-2023-12-02-a-les-11.02.14_38e3860d.jpg\">\n\t\t\t\t\t<source media=\"(min-width: 768px)\" srcset=\"https:\/\/4terada.com\/wp-content\/uploads\/2023\/12\/Imatge-de-WhatsApp-2023-12-02-a-les-11.02.14_38e3860d.jpg\">\n\t\t\t\t\t<img decoding=\"async\" class=\"spectra-image-gallery__media-thumbnail spectra-image-gallery__media-thumbnail--grid\" src=\"https:\/\/4terada.com\/wp-content\/uploads\/2023\/12\/Imatge-de-WhatsApp-2023-12-02-a-les-11.02.14_38e3860d-225x300.jpg\" alt=\"\" loading=\"lazy\" \/>\n\t\t\t\t<\/picture>\n\t\t\t\t<div class=\"spectra-image-gallery__media-thumbnail-blurrer\"><\/div>\n\t\t\t\t\t\t\t\t\t\t\t<div class=\"spectra-image-gallery__media-thumbnail-caption-wrapper spectra-image-gallery__media-thumbnail-caption-wrapper--overlay\"><\/div>\n\t\t\t\t\t\t\t\t<\/div>\n\t\t\t\t\t\t<\/div>\n\t\t\t\t\t\t<div class='spectra-image-gallery__media-wrapper' data-spectra-gallery-image-id='1832'>\n\t\t\t\t\t\t\t<div class=\"spectra-image-gallery__media spectra-image-gallery__media--grid\">\n\t\t\t\t<picture>\n\t\t\t\t\t<source media=\"(min-width: 1024px)\" srcset=\"https:\/\/4terada.com\/wp-content\/uploads\/2023\/12\/Imatge-de-WhatsApp-2023-12-02-a-les-11.02.14_7d0b895e.jpg\">\n\t\t\t\t\t<source media=\"(min-width: 768px)\" srcset=\"https:\/\/4terada.com\/wp-content\/uploads\/2023\/12\/Imatge-de-WhatsApp-2023-12-02-a-les-11.02.14_7d0b895e.jpg\">\n\t\t\t\t\t<img decoding=\"async\" class=\"spectra-image-gallery__media-thumbnail spectra-image-gallery__media-thumbnail--grid\" src=\"https:\/\/4terada.com\/wp-content\/uploads\/2023\/12\/Imatge-de-WhatsApp-2023-12-02-a-les-11.02.14_7d0b895e-225x300.jpg\" alt=\"\" loading=\"lazy\" \/>\n\t\t\t\t<\/picture>\n\t\t\t\t<div class=\"spectra-image-gallery__media-thumbnail-blurrer\"><\/div>\n\t\t\t\t\t\t\t\t\t\t\t<div class=\"spectra-image-gallery__media-thumbnail-caption-wrapper spectra-image-gallery__media-thumbnail-caption-wrapper--overlay\"><\/div>\n\t\t\t\t\t\t\t\t<\/div>\n\t\t\t\t\t\t<\/div>\n\t\t\t\t\t\t<div class='spectra-image-gallery__media-wrapper' data-spectra-gallery-image-id='1831'>\n\t\t\t\t\t\t\t<div class=\"spectra-image-gallery__media spectra-image-gallery__media--grid\">\n\t\t\t\t<picture>\n\t\t\t\t\t<source media=\"(min-width: 1024px)\" srcset=\"https:\/\/4terada.com\/wp-content\/uploads\/2023\/12\/Imatge-de-WhatsApp-2023-12-02-a-les-11.02.14_3e988137.jpg\">\n\t\t\t\t\t<source media=\"(min-width: 768px)\" srcset=\"https:\/\/4terada.com\/wp-content\/uploads\/2023\/12\/Imatge-de-WhatsApp-2023-12-02-a-les-11.02.14_3e988137.jpg\">\n\t\t\t\t\t<img decoding=\"async\" class=\"spectra-image-gallery__media-thumbnail spectra-image-gallery__media-thumbnail--grid\" src=\"https:\/\/4terada.com\/wp-content\/uploads\/2023\/12\/Imatge-de-WhatsApp-2023-12-02-a-les-11.02.14_3e988137-300x225.jpg\" alt=\"\" loading=\"lazy\" \/>\n\t\t\t\t<\/picture>\n\t\t\t\t<div class=\"spectra-image-gallery__media-thumbnail-blurrer\"><\/div>\n\t\t\t\t\t\t\t\t\t\t\t<div class=\"spectra-image-gallery__media-thumbnail-caption-wrapper spectra-image-gallery__media-thumbnail-caption-wrapper--overlay\"><\/div>\n\t\t\t\t\t\t\t\t<\/div>\n\t\t\t\t\t\t<\/div>\n\t\t\t\t\t\t\t\t\t\t<\/div>\n\t\t\t\t\t\t\t\t\t\t\t\t\t\t\t\t\t\t<\/div>\n\t\t\t\t\t\t\t\t\t<\/div>\n\n\n\n<section class=\"wp-block-uagb-container uagb-block-05a4a518 alignfull uagb-is-root-container\"><div class=\"uagb-container-inner-blocks-wrap\">\n<div class=\"wp-block-uagb-forms uagb-forms__outer-wrap uagb-block-71306085 uagb-forms__medium-btn\"><form class=\"uagb-forms-main-form\" method=\"post\" autocomplete=\"on\" name=\"uagb-form-71306085\">\n<div class=\"wp-block-uagb-forms-name uagb-forms-name-wrap uagb-forms-field-set uagb-block-216ea2f8\"><div class=\"uagb-forms-name-label required uagb-forms-input-label\" id=\"216ea2f8\">Nombre<\/div><input type=\"text\" placeholder=\"Nombre\" required class=\"uagb-forms-name-input uagb-forms-input\" name=\"216ea2f8\" autocomplete=\"given-name\"\/><\/div>\n\n\n\n<div class=\"wp-block-uagb-forms-name uagb-forms-name-wrap uagb-forms-field-set uagb-block-4fcc63a4\"><div class=\"uagb-forms-name-label required uagb-forms-input-label\" id=\"4fcc63a4\">Apellidos<\/div><input type=\"text\" placeholder=\"Nadie\" required class=\"uagb-forms-name-input uagb-forms-input\" name=\"4fcc63a4\" autocomplete=\"family-name\"\/><\/div>\n\n\n\n<div class=\"wp-block-uagb-forms-email uagb-forms-email-wrap uagb-forms-field-set uagb-block-8acc5485\"><div class=\"uagb-forms-email-label  uagb-forms-input-label\" id=\"8acc5485\">Correo electr\u00f3nico<\/div><input type=\"email\" class=\"uagb-forms-email-input uagb-forms-input\" placeholder=\"ejemplo@correo.es\" name=\"8acc5485\" autocomplete=\"email\"\/><\/div>\n\n\n\n<div class=\"wp-block-uagb-forms-textarea uagb-forms-textarea-wrap uagb-forms-field-set uagb-block-cadaad68\"><div class=\"uagb-forms-textarea-label required uagb-forms-input-label\" id=\"cadaad68\">Mensaje<\/div><textarea required class=\"uagb-forms-textarea-input uagb-forms-input\" rows=\"4\" placeholder=\"Introduce tu mensaje\" name=\"cadaad68\" autocomplete=\"off\"><\/textarea><\/div>\n<div class=\"uagb-forms-form-hidden-data\"><input type=\"hidden\" class=\"uagb_forms_form_label\" value=\"Formulario Spectra\"\/><input type=\"hidden\" class=\"uagb_forms_form_id\" value=\"uagb-form-71306085\"\/><\/div><div class=\"uagb-form-reacaptcha-error-71306085\"><\/div><div class=\"uagb-forms-main-submit-button-wrap wp-block-button\"><button class=\"uagb-forms-main-submit-button wp-block-button__link\"><div class=\"uagb-forms-main-submit-button-text\">Enviar<\/div><\/button><\/div><\/form><div class=\"uagb-forms-success-message-71306085 uagb-forms-submit-message-hide\"><span>\u00a1El formulario ha sido enviado correctamente!<\/span><\/div><div class=\"uagb-forms-failed-message-71306085 uagb-forms-submit-message-hide\"><span>Ha ocurrido alg\u00fan error al enviar el formulario. Por favor, revisa de nuevo todos los campos.<\/span><\/div><\/div>\n<\/div><\/section>\n","protected":false},"excerpt":{"rendered":"<p>El software que necesitas para la gesti\u00f3n de tus cultivos Gesti\u00f3n sin l\u00edmites<\/p>\n","protected":false},"author":1,"featured_media":22,"parent":0,"menu_order":0,"comment_status":"closed","ping_status":"closed","template":"","meta":{"_uag_custom_page_level_css":"","site-sidebar-layout":"no-sidebar","site-content-layout":"page-builder","ast-site-content-layout":"full-width-container","site-content-style":"unboxed","site-sidebar-style":"unboxed","ast-global-header-display":"","ast-banner-title-visibility":"","ast-main-header-display":"","ast-hfb-above-header-display":"","ast-hfb-below-header-display":"","ast-hfb-mobile-header-display":"","site-post-title":"disabled","ast-breadcrumbs-content":"","ast-featured-img":"disabled","footer-sml-layout":"","theme-transparent-header-meta":"enabled","adv-header-id-meta":"","stick-header-meta":"","header-above-stick-meta":"","header-main-stick-meta":"","header-below-stick-meta":"","astra-migrate-meta-layouts":"set","ast-page-background-enabled":"default","ast-page-background-meta":{"desktop":{"background-color":"var(--ast-global-color-4)","background-image":"","background-repeat":"repeat","background-position":"center center","background-size":"auto","background-attachment":"scroll","background-type":"","background-media":"","overlay-type":"","overlay-color":"","overlay-gradient":""},"tablet":{"background-color":"","background-image":"","background-repeat":"repeat","background-position":"center center","background-size":"auto","background-attachment":"scroll","background-type":"","background-media":"","overlay-type":"","overlay-color":"","overlay-gradient":""},"mobile":{"background-color":"","background-image":"","background-repeat":"repeat","background-position":"center center","background-size":"auto","background-attachment":"scroll","background-type":"","background-media":"","overlay-type":"","overlay-color":"","overlay-gradient":""}},"ast-content-background-meta":{"desktop":{"background-color":"var(--ast-global-color-5)","background-image":"","background-repeat":"repeat","background-position":"center center","background-size":"auto","background-attachment":"scroll","background-type":"","background-media":"","overlay-type":"","overlay-color":"","overlay-gradient":""},"tablet":{"background-color":"var(--ast-global-color-5)","background-image":"","background-repeat":"repeat","background-position":"center center","background-size":"auto","background-attachment":"scroll","background-type":"","background-media":"","overlay-type":"","overlay-color":"","overlay-gradient":""},"mobile":{"background-color":"var(--ast-global-color-5)","background-image":"","background-repeat":"repeat","background-position":"center center","background-size":"auto","background-attachment":"scroll","background-type":"","background-media":"","overlay-type":"","overlay-color":"","overlay-gradient":""}},"footnotes":""},"class_list":["post-1322","page","type-page","status-publish","has-post-thumbnail","hentry"],"uagb_featured_image_src":{"full":["https:\/\/4terada.com\/wp-content\/uploads\/2023\/12\/banner-scaled.jpg",2560,1707,false],"thumbnail":["https:\/\/4terada.com\/wp-content\/uploads\/2023\/12\/banner-150x150.jpg",150,150,true],"medium":["https:\/\/4terada.com\/wp-content\/uploads\/2023\/12\/banner-300x200.jpg",300,200,true],"medium_large":["https:\/\/4terada.com\/wp-content\/uploads\/2023\/12\/banner-768x512.jpg",768,512,true],"large":["https:\/\/4terada.com\/wp-content\/uploads\/2023\/12\/banner-1024x683.jpg",1024,683,true],"1536x1536":["https:\/\/4terada.com\/wp-content\/uploads\/2023\/12\/banner-1536x1024.jpg",1536,1024,true],"2048x2048":["https:\/\/4terada.com\/wp-content\/uploads\/2023\/12\/banner-2048x1365.jpg",2048,1365,true]},"uagb_author_info":{"display_name":"admin6427","author_link":"https:\/\/4terada.com\/index.php\/author\/admin6427\/"},"uagb_comment_info":0,"uagb_excerpt":"El software que necesitas para la gesti\u00f3n de tus cultivos Gesti\u00f3n sin l\u00edmites","_links":{"self":[{"href":"https:\/\/4terada.com\/index.php\/wp-json\/wp\/v2\/pages\/1322","targetHints":{"allow":["GET"]}}],"collection":[{"href":"https:\/\/4terada.com\/index.php\/wp-json\/wp\/v2\/pages"}],"about":[{"href":"https:\/\/4terada.com\/index.php\/wp-json\/wp\/v2\/types\/page"}],"author":[{"embeddable":true,"href":"https:\/\/4terada.com\/index.php\/wp-json\/wp\/v2\/users\/1"}],"replies":[{"embeddable":true,"href":"https:\/\/4terada.com\/index.php\/wp-json\/wp\/v2\/comments?post=1322"}],"version-history":[{"count":44,"href":"https:\/\/4terada.com\/index.php\/wp-json\/wp\/v2\/pages\/1322\/revisions"}],"predecessor-version":[{"id":1913,"href":"https:\/\/4terada.com\/index.php\/wp-json\/wp\/v2\/pages\/1322\/revisions\/1913"}],"wp:featuredmedia":[{"embeddable":true,"href":"https:\/\/4terada.com\/index.php\/wp-json\/wp\/v2\/media\/22"}],"wp:attachment":[{"href":"https:\/\/4terada.com\/index.php\/wp-json\/wp\/v2\/media?parent=1322"}],"curies":[{"name":"wp","href":"https:\/\/api.w.org\/{rel}","templated":true}]}}